{"id":43,"date":"2011-01-04T01:41:27","date_gmt":"2011-01-04T01:41:27","guid":{"rendered":"http:\/\/barreiroweb.eu\/?page_id=43"},"modified":"2023-06-14T22:18:06","modified_gmt":"2023-06-14T21:18:06","slug":"teletexto","status":"publish","type":"page","link":"https:\/\/arquivo.barreiroweb.net\/?page_id=43","title":{"rendered":"Contactos \u00fateis"},"content":{"rendered":"<p>CONTACTOS \u00daTEIS<br \/>\nTELEFONES P\u00daBLICOS<\/p>\n<p>Barreiroweb para envio de noticias :<\/p>\n<p>C\u00e2mara Municipal do Barreiro &#8211; Pa\u00e7os do Concelho 21 206 800<\/p>\n<p>Telefone do Mun\u00edcipe &#8211; Sugest\u00f5es e reclama\u00e7\u00f5es 800 203 302<\/p>\n<p>Atendimento Aguas &#8211; 212068176<\/p>\n<p>Divis\u00e3o de informa\u00e7\u00e3o e Rela\u00e7\u00f5es P\u00fablicas 21 206 8207<\/p>\n<p>Reparti\u00e7\u00e3o de Finan\u00e7as do Barreiro 21 207 33 18<\/p>\n<p>T\u00e1xis do Barreiro: 21 215 60 08<\/p>\n<p>SOS Crian\u00e7a &#8211; 24 H: 808 242 400<\/p>\n<p>SEGURAN\u00c7A<\/p>\n<p>PSP Lavradio: 21 204 4772<\/p>\n<p>PSP Quinta da Lomba: 21 215 5265<\/p>\n<p>PSP Barreiro: 21 207 65 43<\/p>\n<p>GNR Sto Ant\u00f3nio da Charneca :21 203 26 83<\/p>\n<p>BOMBEIROS:<\/p>\n<p>Bombeiros Corpo de Salva\u00e7\u00e3o do Barreiro: 21 207 30 62<\/p>\n<p>Bombeiros Volunt\u00e1rios Sul e Sueste: 21 207 30 32<\/p>\n<p>SA\u00daDE<\/p>\n<p>Hospital do Barreiro: 21 214 73 00<\/p>\n<p>Centro de Sa\u00fade do Barreiro: 21 207 53 93<\/p>\n<p>Extens\u00f5es do Centro de Sa\u00fade do Barreiro Sa\u00fade:<\/p>\n<p>Av. E\u00e7a de Queir\u00f3s : 21 206 96 00 consutas :21 205 93 28<\/p>\n<p>Av. do Bocage : 21 215 65 38<\/p>\n<p>Coina: 21 210 29 04<\/p>\n<p>Lavradio : 21 205 93 00<\/p>\n<p>Palhais: 21 215 68 10<\/p>\n<p>Quinta da Lomba : 21 216 67 42<\/p>\n<p>Tribunal Judicial do Barreiro :21 214 92 00<\/p>\n<p>JUNTAS DE FREGUESIA:<\/p>\n<p>Barreiro: 21 207 6872<\/p>\n<p>Alto do Seixalinho: 21 203 3133<\/p>\n<p>Verderena: 21 214 0930<\/p>\n<p>Santo Andr\u00e9: 21 215 5508<\/p>\n<p>Santo Ant\u00f3nio da Charneca: 21 215 1502<\/p>\n<p>Lavradio: 21 204 2038<\/p>\n<p>Palhais: 21 21 51502<\/p>\n<p>Coina: 21 210 1510<\/p>\n<p>BIBLIOTECAS MUNICIPAIS<\/p>\n<p>Barreiro: 21 206 8232\/5<\/p>\n<p>P\u00f3lo da Junta de Freguesia da Verderena: 21 215 6077<\/p>\n<p>P\u00f3lo do Convento Madre de Deus da Verderena: 21 216 4789<\/p>\n<p>MUSEUS<\/p>\n<p>Galeria Municipal de Arte: 21 207 9766<\/p>\n<p>Convento Madre de Deus: 21 216 4789<\/p>\n<p>CINEMAS\/TEATROS<\/p>\n<p>Cinemas: Feira Nova- Barreiro: 21 206 0020<\/p>\n<p>Casa da Cultura dos Trabalhadores da Quimigal: 21 207 0004<\/p>\n<p>Teatro Municipal: 21 206 0860<\/p>\n<p>Sala de Exposi\u00e7\u00f5es da Biblioteca Municipal: 21 206 8232<\/p>\n","protected":false},"excerpt":{"rendered":"<p>CONTACTOS \u00daTEIS TELEFONES P\u00daBLICOS Barreiroweb para envio de noticias : C\u00e2mara Municipal do Barreiro &#8211; Pa\u00e7os do Concelho 21 206 800 Telefone do Mun\u00edcipe &#8211; Sugest\u00f5es e reclama\u00e7\u00f5es 800 203 302 Atendimento Aguas &#8211; 212068176 Divis\u00e3o de informa\u00e7\u00e3o e Rela\u00e7\u00f5es P\u00fablicas 21 206 8207 Reparti\u00e7\u00e3o de Finan\u00e7as do Barreiro 21 207 33 18 T\u00e1xis do [&hellip;]<\/p>\n","protected":false},"author":1,"featured_media":0,"parent":0,"menu_order":0,"comment_status":"open","ping_status":"open","template":"","meta":{"footnotes":""},"class_list":["post-43","page","type-page","status-publish","hentry","last_archivepost"],"yoast_head":"<!-- This site is optimized with the Yoast SEO plugin v27.1.1 - https:\/\/yoast.com\/product\/yoast-seo-wordpress\/ -->\n<title>Contactos \u00fateis - barreiroweb<\/title>\n<meta name=\"robots\" content=\"index, follow, max-snippet:-1, max-image-preview:large, max-video-preview:-1\" \/>\n<link rel=\"canonical\" href=\"https:\/\/arquivo.barreiroweb.net\/?page_id=43\" \/>\n<meta property=\"og:locale\" content=\"pt_PT\" \/>\n<meta property=\"og:type\" content=\"article\" \/>\n<meta property=\"og:title\" content=\"Contactos \u00fateis - barreiroweb\" \/>\n<meta property=\"og:description\" content=\"CONTACTOS \u00daTEIS TELEFONES P\u00daBLICOS Barreiroweb para envio de noticias : C\u00e2mara Municipal do Barreiro &#8211; Pa\u00e7os do Concelho 21 206 800 Telefone do Mun\u00edcipe &#8211; Sugest\u00f5es e reclama\u00e7\u00f5es 800 203 302 Atendimento Aguas &#8211; 212068176 Divis\u00e3o de informa\u00e7\u00e3o e Rela\u00e7\u00f5es P\u00fablicas 21 206 8207 Reparti\u00e7\u00e3o de Finan\u00e7as do Barreiro 21 207 33 18 T\u00e1xis do [&hellip;]\" \/>\n<meta property=\"og:url\" content=\"https:\/\/arquivo.barreiroweb.net\/?page_id=43\" \/>\n<meta property=\"og:site_name\" content=\"barreiroweb\" \/>\n<meta property=\"article:publisher\" content=\"https:\/\/www.facebook.com\/barreiroweb\" \/>\n<meta property=\"article:modified_time\" content=\"2023-06-14T21:18:06+00:00\" \/>\n<meta name=\"twitter:card\" content=\"summary_large_image\" \/>\n<meta name=\"twitter:site\" content=\"@barreiroweb\" \/>\n<meta name=\"twitter:label1\" content=\"Tempo estimado de leitura\" \/>\n\t<meta name=\"twitter:data1\" content=\"1 minuto\" \/>\n<script type=\"application\/ld+json\" class=\"yoast-schema-graph\">{\"@context\":\"https:\/\/schema.org\",\"@graph\":[{\"@type\":\"WebPage\",\"@id\":\"https:\/\/arquivo.barreiroweb.net\/?page_id=43\",\"url\":\"https:\/\/arquivo.barreiroweb.net\/?page_id=43\",\"name\":\"Contactos \u00fateis - barreiroweb\",\"isPartOf\":{\"@id\":\"https:\/\/arquivo.barreiroweb.net\/#website\"},\"datePublished\":\"2011-01-04T01:41:27+00:00\",\"dateModified\":\"2023-06-14T21:18:06+00:00\",\"breadcrumb\":{\"@id\":\"https:\/\/arquivo.barreiroweb.net\/?page_id=43#breadcrumb\"},\"inLanguage\":\"pt-PT\",\"potentialAction\":[{\"@type\":\"ReadAction\",\"target\":[\"https:\/\/arquivo.barreiroweb.net\/?page_id=43\"]}]},{\"@type\":\"BreadcrumbList\",\"@id\":\"https:\/\/arquivo.barreiroweb.net\/?page_id=43#breadcrumb\",\"itemListElement\":[{\"@type\":\"ListItem\",\"position\":1,\"name\":\"In\u00edcio\",\"item\":\"https:\/\/arquivo.barreiroweb.net\/\"},{\"@type\":\"ListItem\",\"position\":2,\"name\":\"Contactos \u00fateis\"}]},{\"@type\":\"WebSite\",\"@id\":\"https:\/\/arquivo.barreiroweb.net\/#website\",\"url\":\"https:\/\/arquivo.barreiroweb.net\/\",\"name\":\"barreiroweb\",\"description\":\"Barreiroweb o barreiro na web\",\"publisher\":{\"@id\":\"https:\/\/arquivo.barreiroweb.net\/#organization\"},\"potentialAction\":[{\"@type\":\"SearchAction\",\"target\":{\"@type\":\"EntryPoint\",\"urlTemplate\":\"https:\/\/arquivo.barreiroweb.net\/?s={search_term_string}\"},\"query-input\":{\"@type\":\"PropertyValueSpecification\",\"valueRequired\":true,\"valueName\":\"search_term_string\"}}],\"inLanguage\":\"pt-PT\"},{\"@type\":\"Organization\",\"@id\":\"https:\/\/arquivo.barreiroweb.net\/#organization\",\"name\":\"barreiroweb\",\"url\":\"https:\/\/arquivo.barreiroweb.net\/\",\"logo\":{\"@type\":\"ImageObject\",\"inLanguage\":\"pt-PT\",\"@id\":\"https:\/\/arquivo.barreiroweb.net\/#\/schema\/logo\/image\/\",\"url\":\"https:\/\/barreiroweb.net\/wp-content\/uploads\/2022\/05\/BarreiroWeb555.jpg\",\"contentUrl\":\"https:\/\/barreiroweb.net\/wp-content\/uploads\/2022\/05\/BarreiroWeb555.jpg\",\"width\":421,\"height\":415,\"caption\":\"barreiroweb\"},\"image\":{\"@id\":\"https:\/\/arquivo.barreiroweb.net\/#\/schema\/logo\/image\/\"},\"sameAs\":[\"https:\/\/www.facebook.com\/barreiroweb\",\"https:\/\/x.com\/barreiroweb\"]}]}<\/script>\n<!-- \/ Yoast SEO plugin. -->","yoast_head_json":{"title":"Contactos \u00fateis - barreiroweb","robots":{"index":"index","follow":"follow","max-snippet":"max-snippet:-1","max-image-preview":"max-image-preview:large","max-video-preview":"max-video-preview:-1"},"canonical":"https:\/\/arquivo.barreiroweb.net\/?page_id=43","og_locale":"pt_PT","og_type":"article","og_title":"Contactos \u00fateis - barreiroweb","og_description":"CONTACTOS \u00daTEIS TELEFONES P\u00daBLICOS Barreiroweb para envio de noticias : C\u00e2mara Municipal do Barreiro &#8211; Pa\u00e7os do Concelho 21 206 800 Telefone do Mun\u00edcipe &#8211; Sugest\u00f5es e reclama\u00e7\u00f5es 800 203 302 Atendimento Aguas &#8211; 212068176 Divis\u00e3o de informa\u00e7\u00e3o e Rela\u00e7\u00f5es P\u00fablicas 21 206 8207 Reparti\u00e7\u00e3o de Finan\u00e7as do Barreiro 21 207 33 18 T\u00e1xis do [&hellip;]","og_url":"https:\/\/arquivo.barreiroweb.net\/?page_id=43","og_site_name":"barreiroweb","article_publisher":"https:\/\/www.facebook.com\/barreiroweb","article_modified_time":"2023-06-14T21:18:06+00:00","twitter_card":"summary_large_image","twitter_site":"@barreiroweb","twitter_misc":{"Tempo estimado de leitura":"1 minuto"},"schema":{"@context":"https:\/\/schema.org","@graph":[{"@type":"WebPage","@id":"https:\/\/arquivo.barreiroweb.net\/?page_id=43","url":"https:\/\/arquivo.barreiroweb.net\/?page_id=43","name":"Contactos \u00fateis - barreiroweb","isPartOf":{"@id":"https:\/\/arquivo.barreiroweb.net\/#website"},"datePublished":"2011-01-04T01:41:27+00:00","dateModified":"2023-06-14T21:18:06+00:00","breadcrumb":{"@id":"https:\/\/arquivo.barreiroweb.net\/?page_id=43#breadcrumb"},"inLanguage":"pt-PT","potentialAction":[{"@type":"ReadAction","target":["https:\/\/arquivo.barreiroweb.net\/?page_id=43"]}]},{"@type":"BreadcrumbList","@id":"https:\/\/arquivo.barreiroweb.net\/?page_id=43#breadcrumb","itemListElement":[{"@type":"ListItem","position":1,"name":"In\u00edcio","item":"https:\/\/arquivo.barreiroweb.net\/"},{"@type":"ListItem","position":2,"name":"Contactos \u00fateis"}]},{"@type":"WebSite","@id":"https:\/\/arquivo.barreiroweb.net\/#website","url":"https:\/\/arquivo.barreiroweb.net\/","name":"barreiroweb","description":"Barreiroweb o barreiro na web","publisher":{"@id":"https:\/\/arquivo.barreiroweb.net\/#organization"},"potentialAction":[{"@type":"SearchAction","target":{"@type":"EntryPoint","urlTemplate":"https:\/\/arquivo.barreiroweb.net\/?s={search_term_string}"},"query-input":{"@type":"PropertyValueSpecification","valueRequired":true,"valueName":"search_term_string"}}],"inLanguage":"pt-PT"},{"@type":"Organization","@id":"https:\/\/arquivo.barreiroweb.net\/#organization","name":"barreiroweb","url":"https:\/\/arquivo.barreiroweb.net\/","logo":{"@type":"ImageObject","inLanguage":"pt-PT","@id":"https:\/\/arquivo.barreiroweb.net\/#\/schema\/logo\/image\/","url":"https:\/\/barreiroweb.net\/wp-content\/uploads\/2022\/05\/BarreiroWeb555.jpg","contentUrl":"https:\/\/barreiroweb.net\/wp-content\/uploads\/2022\/05\/BarreiroWeb555.jpg","width":421,"height":415,"caption":"barreiroweb"},"image":{"@id":"https:\/\/arquivo.barreiroweb.net\/#\/schema\/logo\/image\/"},"sameAs":["https:\/\/www.facebook.com\/barreiroweb","https:\/\/x.com\/barreiroweb"]}]}},"_links":{"self":[{"href":"https:\/\/arquivo.barreiroweb.net\/index.php?rest_route=\/wp\/v2\/pages\/43","targetHints":{"allow":["GET"]}}],"collection":[{"href":"https:\/\/arquivo.barreiroweb.net\/index.php?rest_route=\/wp\/v2\/pages"}],"about":[{"href":"https:\/\/arquivo.barreiroweb.net\/index.php?rest_route=\/wp\/v2\/types\/page"}],"author":[{"embeddable":true,"href":"https:\/\/arquivo.barreiroweb.net\/index.php?rest_route=\/wp\/v2\/users\/1"}],"replies":[{"embeddable":true,"href":"https:\/\/arquivo.barreiroweb.net\/index.php?rest_route=%2Fwp%2Fv2%2Fcomments&post=43"}],"version-history":[{"count":6,"href":"https:\/\/arquivo.barreiroweb.net\/index.php?rest_route=\/wp\/v2\/pages\/43\/revisions"}],"predecessor-version":[{"id":14473,"href":"https:\/\/arquivo.barreiroweb.net\/index.php?rest_route=\/wp\/v2\/pages\/43\/revisions\/14473"}],"wp:attachment":[{"href":"https:\/\/arquivo.barreiroweb.net\/index.php?rest_route=%2Fwp%2Fv2%2Fmedia&parent=43"}],"curies":[{"name":"wp","href":"https:\/\/api.w.org\/{rel}","templated":true}]}}