{"id":331,"date":"2011-01-08T19:02:02","date_gmt":"2011-01-08T19:02:02","guid":{"rendered":"http:\/\/barreiroweb.eu\/?page_id=331"},"modified":"2012-03-29T01:44:18","modified_gmt":"2012-03-29T00:44:18","slug":"ficha-tecnica","status":"publish","type":"page","link":"https:\/\/arquivo.barreiroweb.net\/?page_id=331","title":{"rendered":"Ficha tecnica"},"content":{"rendered":"<p><strong>BarreiroWeb.com &#8211; Artes &amp; Lazer<\/strong><\/p>\n<div><strong>Cada Cidad\u00e3o \u00e9 um rep\u00f3rter. Seja voc\u00ea tamb\u00e9m um. Participe!<\/strong><\/div>\n<div><strong>Envio de artigos , noticias etc..\u00a0 barrreiroweb(aroba)Barreiroweb.com<\/strong><\/div>\n<p>Os artigos e coment\u00e1rios enviados, s\u00e3o propriedade de quem os escreveu.<\/p>\n<p>N\u00e3o somos respons\u00e1veis pelo seu conte\u00fado.<\/p>\n<p>Os conte\u00fados\u00a0editados e publicados pelo \u00a0Barreiroweb s\u00e3o da responsabilidade dos seus autores.<\/p>\n<p><strong>Editor<\/strong><\/p>\n<p>Jos\u00e9\u00a0 Encarna\u00e7\u00e3o<\/p>\n<p><strong>Redac\u00e7\u00e3o<\/strong><\/p>\n<p>Jos\u00e9 Encarna\u00e7\u00e3o<\/p>\n<p>Armando\u00a0 Teixeira<\/p>\n<p>Dulce Reis<br \/>\n<strong>Colaboradores Permanentes<\/strong><\/p>\n<p>Armindo Fernandes<\/p>\n<p>Manuela Fonseca<\/p>\n","protected":false},"excerpt":{"rendered":"<p>BarreiroWeb.com &#8211; Artes &amp; Lazer Cada Cidad\u00e3o \u00e9 um rep\u00f3rter. Seja voc\u00ea tamb\u00e9m um. Participe! Envio de artigos , noticias etc..\u00a0 barrreiroweb(aroba)Barreiroweb.com Os artigos e coment\u00e1rios enviados, s\u00e3o propriedade de quem os escreveu. N\u00e3o somos respons\u00e1veis pelo seu conte\u00fado. Os conte\u00fados\u00a0editados e publicados pelo \u00a0Barreiroweb s\u00e3o da responsabilidade dos seus autores. Editor Jos\u00e9\u00a0 Encarna\u00e7\u00e3o Redac\u00e7\u00e3o [&hellip;]<\/p>\n","protected":false},"author":1,"featured_media":0,"parent":2,"menu_order":0,"comment_status":"open","ping_status":"open","template":"","meta":{"footnotes":""},"class_list":["post-331","page","type-page","status-publish","hentry","last_archivepost"],"yoast_head":"<!-- This site is optimized with the Yoast SEO plugin v27.1.1 - https:\/\/yoast.com\/product\/yoast-seo-wordpress\/ -->\n<title>Ficha tecnica - barreiroweb<\/title>\n<meta name=\"robots\" content=\"index, follow, max-snippet:-1, max-image-preview:large, max-video-preview:-1\" \/>\n<link rel=\"canonical\" href=\"https:\/\/arquivo.barreiroweb.net\/?page_id=331\" \/>\n<meta property=\"og:locale\" content=\"pt_PT\" \/>\n<meta property=\"og:type\" content=\"article\" \/>\n<meta property=\"og:title\" content=\"Ficha tecnica - barreiroweb\" \/>\n<meta property=\"og:description\" content=\"BarreiroWeb.com &#8211; Artes &amp; Lazer Cada Cidad\u00e3o \u00e9 um rep\u00f3rter. Seja voc\u00ea tamb\u00e9m um. Participe! Envio de artigos , noticias etc..\u00a0 barrreiroweb(aroba)Barreiroweb.com Os artigos e coment\u00e1rios enviados, s\u00e3o propriedade de quem os escreveu. N\u00e3o somos respons\u00e1veis pelo seu conte\u00fado. Os conte\u00fados\u00a0editados e publicados pelo \u00a0Barreiroweb s\u00e3o da responsabilidade dos seus autores. Editor Jos\u00e9\u00a0 Encarna\u00e7\u00e3o Redac\u00e7\u00e3o [&hellip;]\" \/>\n<meta property=\"og:url\" content=\"https:\/\/arquivo.barreiroweb.net\/?page_id=331\" \/>\n<meta property=\"og:site_name\" content=\"barreiroweb\" \/>\n<meta property=\"article:publisher\" content=\"https:\/\/www.facebook.com\/barreiroweb\" \/>\n<meta property=\"article:modified_time\" content=\"2012-03-29T00:44:18+00:00\" \/>\n<meta name=\"twitter:card\" content=\"summary_large_image\" \/>\n<meta name=\"twitter:site\" content=\"@barreiroweb\" \/>\n<script type=\"application\/ld+json\" class=\"yoast-schema-graph\">{\"@context\":\"https:\/\/schema.org\",\"@graph\":[{\"@type\":\"WebPage\",\"@id\":\"https:\/\/arquivo.barreiroweb.net\/?page_id=331\",\"url\":\"https:\/\/arquivo.barreiroweb.net\/?page_id=331\",\"name\":\"Ficha tecnica - barreiroweb\",\"isPartOf\":{\"@id\":\"https:\/\/arquivo.barreiroweb.net\/#website\"},\"datePublished\":\"2011-01-08T19:02:02+00:00\",\"dateModified\":\"2012-03-29T00:44:18+00:00\",\"breadcrumb\":{\"@id\":\"https:\/\/arquivo.barreiroweb.net\/?page_id=331#breadcrumb\"},\"inLanguage\":\"pt-PT\",\"potentialAction\":[{\"@type\":\"ReadAction\",\"target\":[\"https:\/\/arquivo.barreiroweb.net\/?page_id=331\"]}]},{\"@type\":\"BreadcrumbList\",\"@id\":\"https:\/\/arquivo.barreiroweb.net\/?page_id=331#breadcrumb\",\"itemListElement\":[{\"@type\":\"ListItem\",\"position\":1,\"name\":\"In\u00edcio\",\"item\":\"https:\/\/arquivo.barreiroweb.net\/\"},{\"@type\":\"ListItem\",\"position\":2,\"name\":\"Sobre o Barreiroweb\",\"item\":\"https:\/\/arquivo.barreiroweb.net\/?page_id=2\"},{\"@type\":\"ListItem\",\"position\":3,\"name\":\"Ficha tecnica\"}]},{\"@type\":\"WebSite\",\"@id\":\"https:\/\/arquivo.barreiroweb.net\/#website\",\"url\":\"https:\/\/arquivo.barreiroweb.net\/\",\"name\":\"barreiroweb\",\"description\":\"Barreiroweb o barreiro na web\",\"publisher\":{\"@id\":\"https:\/\/arquivo.barreiroweb.net\/#organization\"},\"potentialAction\":[{\"@type\":\"SearchAction\",\"target\":{\"@type\":\"EntryPoint\",\"urlTemplate\":\"https:\/\/arquivo.barreiroweb.net\/?s={search_term_string}\"},\"query-input\":{\"@type\":\"PropertyValueSpecification\",\"valueRequired\":true,\"valueName\":\"search_term_string\"}}],\"inLanguage\":\"pt-PT\"},{\"@type\":\"Organization\",\"@id\":\"https:\/\/arquivo.barreiroweb.net\/#organization\",\"name\":\"barreiroweb\",\"url\":\"https:\/\/arquivo.barreiroweb.net\/\",\"logo\":{\"@type\":\"ImageObject\",\"inLanguage\":\"pt-PT\",\"@id\":\"https:\/\/arquivo.barreiroweb.net\/#\/schema\/logo\/image\/\",\"url\":\"https:\/\/barreiroweb.net\/wp-content\/uploads\/2022\/05\/BarreiroWeb555.jpg\",\"contentUrl\":\"https:\/\/barreiroweb.net\/wp-content\/uploads\/2022\/05\/BarreiroWeb555.jpg\",\"width\":421,\"height\":415,\"caption\":\"barreiroweb\"},\"image\":{\"@id\":\"https:\/\/arquivo.barreiroweb.net\/#\/schema\/logo\/image\/\"},\"sameAs\":[\"https:\/\/www.facebook.com\/barreiroweb\",\"https:\/\/x.com\/barreiroweb\"]}]}<\/script>\n<!-- \/ Yoast SEO plugin. -->","yoast_head_json":{"title":"Ficha tecnica - barreiroweb","robots":{"index":"index","follow":"follow","max-snippet":"max-snippet:-1","max-image-preview":"max-image-preview:large","max-video-preview":"max-video-preview:-1"},"canonical":"https:\/\/arquivo.barreiroweb.net\/?page_id=331","og_locale":"pt_PT","og_type":"article","og_title":"Ficha tecnica - barreiroweb","og_description":"BarreiroWeb.com &#8211; Artes &amp; Lazer Cada Cidad\u00e3o \u00e9 um rep\u00f3rter. Seja voc\u00ea tamb\u00e9m um. Participe! Envio de artigos , noticias etc..\u00a0 barrreiroweb(aroba)Barreiroweb.com Os artigos e coment\u00e1rios enviados, s\u00e3o propriedade de quem os escreveu. N\u00e3o somos respons\u00e1veis pelo seu conte\u00fado. Os conte\u00fados\u00a0editados e publicados pelo \u00a0Barreiroweb s\u00e3o da responsabilidade dos seus autores. Editor Jos\u00e9\u00a0 Encarna\u00e7\u00e3o Redac\u00e7\u00e3o [&hellip;]","og_url":"https:\/\/arquivo.barreiroweb.net\/?page_id=331","og_site_name":"barreiroweb","article_publisher":"https:\/\/www.facebook.com\/barreiroweb","article_modified_time":"2012-03-29T00:44:18+00:00","twitter_card":"summary_large_image","twitter_site":"@barreiroweb","schema":{"@context":"https:\/\/schema.org","@graph":[{"@type":"WebPage","@id":"https:\/\/arquivo.barreiroweb.net\/?page_id=331","url":"https:\/\/arquivo.barreiroweb.net\/?page_id=331","name":"Ficha tecnica - barreiroweb","isPartOf":{"@id":"https:\/\/arquivo.barreiroweb.net\/#website"},"datePublished":"2011-01-08T19:02:02+00:00","dateModified":"2012-03-29T00:44:18+00:00","breadcrumb":{"@id":"https:\/\/arquivo.barreiroweb.net\/?page_id=331#breadcrumb"},"inLanguage":"pt-PT","potentialAction":[{"@type":"ReadAction","target":["https:\/\/arquivo.barreiroweb.net\/?page_id=331"]}]},{"@type":"BreadcrumbList","@id":"https:\/\/arquivo.barreiroweb.net\/?page_id=331#breadcrumb","itemListElement":[{"@type":"ListItem","position":1,"name":"In\u00edcio","item":"https:\/\/arquivo.barreiroweb.net\/"},{"@type":"ListItem","position":2,"name":"Sobre o Barreiroweb","item":"https:\/\/arquivo.barreiroweb.net\/?page_id=2"},{"@type":"ListItem","position":3,"name":"Ficha tecnica"}]},{"@type":"WebSite","@id":"https:\/\/arquivo.barreiroweb.net\/#website","url":"https:\/\/arquivo.barreiroweb.net\/","name":"barreiroweb","description":"Barreiroweb o barreiro na web","publisher":{"@id":"https:\/\/arquivo.barreiroweb.net\/#organization"},"potentialAction":[{"@type":"SearchAction","target":{"@type":"EntryPoint","urlTemplate":"https:\/\/arquivo.barreiroweb.net\/?s={search_term_string}"},"query-input":{"@type":"PropertyValueSpecification","valueRequired":true,"valueName":"search_term_string"}}],"inLanguage":"pt-PT"},{"@type":"Organization","@id":"https:\/\/arquivo.barreiroweb.net\/#organization","name":"barreiroweb","url":"https:\/\/arquivo.barreiroweb.net\/","logo":{"@type":"ImageObject","inLanguage":"pt-PT","@id":"https:\/\/arquivo.barreiroweb.net\/#\/schema\/logo\/image\/","url":"https:\/\/barreiroweb.net\/wp-content\/uploads\/2022\/05\/BarreiroWeb555.jpg","contentUrl":"https:\/\/barreiroweb.net\/wp-content\/uploads\/2022\/05\/BarreiroWeb555.jpg","width":421,"height":415,"caption":"barreiroweb"},"image":{"@id":"https:\/\/arquivo.barreiroweb.net\/#\/schema\/logo\/image\/"},"sameAs":["https:\/\/www.facebook.com\/barreiroweb","https:\/\/x.com\/barreiroweb"]}]}},"_links":{"self":[{"href":"https:\/\/arquivo.barreiroweb.net\/index.php?rest_route=\/wp\/v2\/pages\/331","targetHints":{"allow":["GET"]}}],"collection":[{"href":"https:\/\/arquivo.barreiroweb.net\/index.php?rest_route=\/wp\/v2\/pages"}],"about":[{"href":"https:\/\/arquivo.barreiroweb.net\/index.php?rest_route=\/wp\/v2\/types\/page"}],"author":[{"embeddable":true,"href":"https:\/\/arquivo.barreiroweb.net\/index.php?rest_route=\/wp\/v2\/users\/1"}],"replies":[{"embeddable":true,"href":"https:\/\/arquivo.barreiroweb.net\/index.php?rest_route=%2Fwp%2Fv2%2Fcomments&post=331"}],"version-history":[{"count":41,"href":"https:\/\/arquivo.barreiroweb.net\/index.php?rest_route=\/wp\/v2\/pages\/331\/revisions"}],"predecessor-version":[{"id":6320,"href":"https:\/\/arquivo.barreiroweb.net\/index.php?rest_route=\/wp\/v2\/pages\/331\/revisions\/6320"}],"up":[{"embeddable":true,"href":"https:\/\/arquivo.barreiroweb.net\/index.php?rest_route=\/wp\/v2\/pages\/2"}],"wp:attachment":[{"href":"https:\/\/arquivo.barreiroweb.net\/index.php?rest_route=%2Fwp%2Fv2%2Fmedia&parent=331"}],"curies":[{"name":"wp","href":"https:\/\/api.w.org\/{rel}","templated":true}]}}