{"id":2731,"date":"2011-07-03T18:51:55","date_gmt":"2011-07-03T17:51:55","guid":{"rendered":"http:\/\/barreiroweb.eu\/?page_id=2731"},"modified":"2013-04-14T02:02:24","modified_gmt":"2013-04-14T01:02:24","slug":"objectiva","status":"publish","type":"page","link":"https:\/\/arquivo.barreiroweb.net\/?page_id=2731","title":{"rendered":"Objectiva"},"content":{"rendered":"<p style=\"text-align: center;\"><strong><\/strong><strong>Revista: Objectiva N\u00ba 5<\/strong><\/p>\n<p style=\"text-align: center;\"><a title=\"Objectiva N\u00ba5\" href=\"http:\/\/issuu.com\/barreiroweb\/docs\/objectiva5?mode=window&amp;backgroundColor=%23222222\" target=\"_blank\"><img loading=\"lazy\" decoding=\"async\" class=\"aligncenter size-medium wp-image-4033\" title=\"objectiva5p\" alt=\"\" src=\"http:\/\/barreiroweb.eu\/wp-content\/uploads\/2011\/07\/objectiva5p-212x300.jpg\" width=\"212\" height=\"300\" srcset=\"https:\/\/arquivo.barreiroweb.net\/wp-content\/uploads\/2011\/07\/objectiva5p-212x300.jpg 212w, https:\/\/arquivo.barreiroweb.net\/wp-content\/uploads\/2011\/07\/objectiva5p.jpg 222w\" sizes=\"auto, (max-width: 212px) 100vw, 212px\" \/><\/a><\/p>\n<p style=\"text-align: left;\" align=\"justify\">O Associativismo no Barreiro, foi este o tema escolhido em conversa com um amigo \u00e0 mesa de uma esplanada, num s\u00e1bado de ver\u00e3o.<\/p>\n<p style=\"text-align: left;\" align=\"justify\">O Barreiro, sendo como \u00e9 uma terra com fortes tradi\u00e7\u00f5es nesta \u00e1rea do associativismo, mesmo com todas as actuais adversidades n\u00e3o pode caminhar para o abismo. \u00c9 necess\u00e1rio que todos os cidad\u00e3os e o poder local, em conjunto voltem a prestar a aten\u00e7\u00e3o ao movimento associativo.<\/p>\n<p style=\"text-align: center;\">\u00a0<\/p>\n<p style=\"text-align: center;\">\u00a0<\/p>\n<p style=\"text-align: center;\"><strong>Revista: Objectiva N\u00ba 4<\/strong><a href=\"http:\/\/issuu.com\/barreiroweb\/docs\/objectiva4\" target=\"_blank\"><img loading=\"lazy\" decoding=\"async\" class=\"aligncenter size-medium wp-image-2635\" title=\"objectiva4\" alt=\"\" src=\"http:\/\/barreiroweb.eu\/wp-content\/uploads\/2011\/06\/objectiva4-212x300.jpg\" width=\"212\" height=\"300\" srcset=\"https:\/\/arquivo.barreiroweb.net\/wp-content\/uploads\/2011\/06\/objectiva4-212x300.jpg 212w, https:\/\/arquivo.barreiroweb.net\/wp-content\/uploads\/2011\/06\/objectiva4-300x423.jpg 300w, https:\/\/arquivo.barreiroweb.net\/wp-content\/uploads\/2011\/06\/objectiva4.jpg 317w\" sizes=\"auto, (max-width: 212px) 100vw, 212px\" \/><\/a><\/p>\n<p>Como todos sabemos, a constru\u00e7\u00e3o da TTT foi adiada, n\u00e3o se sabendo para quando a sua constru\u00e7\u00e3o. O que vai condicionar o que estava previsto para o Barreiro em termos de futuro, nomeadamente o PU. Assim, a interroga\u00e7\u00e3o que se coloca \u00e9: \u201cE Agora Barreiro?\u201d<\/p>\n<p style=\"text-align: center;\"><strong>Revista: Objectiva N\u00ba 3<\/strong><\/p>\n<p style=\"text-align: center;\"><a href=\"http:\/\/issuu.com\/barreiroweb\/docs\/25deabril\" target=\"_blank\"><img loading=\"lazy\" decoding=\"async\" class=\"aligncenter size-full wp-image-2754\" title=\"objectiva3net1\" alt=\"\" src=\"http:\/\/barreiroweb.eu\/wp-content\/uploads\/2011\/07\/objectiva3net1.jpg\" width=\"222\" height=\"314\" srcset=\"https:\/\/arquivo.barreiroweb.net\/wp-content\/uploads\/2011\/07\/objectiva3net1.jpg 222w, https:\/\/arquivo.barreiroweb.net\/wp-content\/uploads\/2011\/07\/objectiva3net1-212x300.jpg 212w\" sizes=\"auto, (max-width: 222px) 100vw, 222px\" \/><\/a><\/p>\n<p>Para o Pa\u00eds, esta Revolu\u00e7\u00e3o p\u00f4s fim \u00e0 ditadura fascista e \u00e0 guerra colonial Restituiu a liberdade aos Portugueses, consagrou direitos essenciais dos trabalhadores e dos cidad\u00e3os, promoveu mudan\u00e7as positivas nos valores e mentalidades, impulsionou transforma\u00e7\u00f5es econ\u00f3micas e sociais progressistas, abriu caminho \u00e0 constru\u00e7\u00e3o de um Portugal democr\u00e1tico.<\/p>\n<p style=\"text-align: center;\"><strong>Revista: Objectiva N\u00ba 2<\/strong><\/p>\n<p><a href=\"http:\/\/issuu.com\/barreiroweb\/docs\/objectiva2\" target=\"_blank\"><img loading=\"lazy\" decoding=\"async\" class=\"aligncenter size-full wp-image-2752\" title=\"objectiva2p\" alt=\"\" src=\"http:\/\/barreiroweb.eu\/wp-content\/uploads\/2011\/07\/objectiva2p.jpg\" width=\"222\" height=\"314\" srcset=\"https:\/\/arquivo.barreiroweb.net\/wp-content\/uploads\/2011\/07\/objectiva2p.jpg 222w, https:\/\/arquivo.barreiroweb.net\/wp-content\/uploads\/2011\/07\/objectiva2p-212x300.jpg 212w\" sizes=\"auto, (max-width: 222px) 100vw, 222px\" \/><\/a><\/p>\n<p>\u00ab O apito da locomotiva a vapor traz o vento e a chuva quente, cortando o frio Inverno de Leste. Ergue-se estridente sobre o sil\u00eancio ensurdecedor da vila a Norte, embalada na noite longa da labora\u00e7\u00e3o continua. O tra\u00e7o\u00a0 descont\u00ednuo das linhas do Caminho de Ferro a Sul, une o esfor\u00e7o transformador da F\u00e1brica debru\u00e7ada no Tejo calmo e do Homem da cidade nova rigorosamente vigiada \u00bb.<\/p>\n<p style=\"text-align: center;\"><strong>Revista: Objectiva N\u00ba 1<\/strong><\/p>\n<p style=\"text-align: center;\"><a href=\"http:\/\/issuu.com\/barreiroweb\/docs\/objectiva\" target=\"_blank\"><img loading=\"lazy\" decoding=\"async\" class=\"aligncenter size-full wp-image-2751\" title=\"objectiva1\" alt=\"\" src=\"http:\/\/barreiroweb.eu\/wp-content\/uploads\/2011\/07\/objectiva1.jpg\" width=\"221\" height=\"314\" srcset=\"https:\/\/arquivo.barreiroweb.net\/wp-content\/uploads\/2011\/07\/objectiva1.jpg 221w, https:\/\/arquivo.barreiroweb.net\/wp-content\/uploads\/2011\/07\/objectiva1-211x300.jpg 211w\" sizes=\"auto, (max-width: 221px) 100vw, 221px\" \/><\/a> &#8220;Objectiva&#8221;, Revista digital de opini\u00e3o e Historia Local do Barreiro!<\/p>\n<p>&nbsp;<\/p>\n","protected":false},"excerpt":{"rendered":"<p>Revista: Objectiva N\u00ba 5 O Associativismo no Barreiro, foi este o tema escolhido em conversa com um amigo \u00e0 mesa de uma esplanada, num s\u00e1bado de ver\u00e3o. O Barreiro, sendo como \u00e9 uma terra com fortes tradi\u00e7\u00f5es nesta \u00e1rea do associativismo, mesmo com todas as actuais adversidades n\u00e3o pode caminhar para o abismo. \u00c9 necess\u00e1rio [&hellip;]<\/p>\n","protected":false},"author":1,"featured_media":0,"parent":0,"menu_order":0,"comment_status":"open","ping_status":"open","template":"","meta":{"footnotes":""},"class_list":["post-2731","page","type-page","status-publish","hentry","last_archivepost"],"yoast_head":"<!-- This site is optimized with the Yoast SEO plugin v27.1.1 - https:\/\/yoast.com\/product\/yoast-seo-wordpress\/ -->\n<title>Objectiva - barreiroweb<\/title>\n<meta name=\"robots\" content=\"index, follow, max-snippet:-1, max-image-preview:large, max-video-preview:-1\" \/>\n<link rel=\"canonical\" href=\"https:\/\/arquivo.barreiroweb.net\/?page_id=2731\" \/>\n<meta property=\"og:locale\" content=\"pt_PT\" \/>\n<meta property=\"og:type\" content=\"article\" \/>\n<meta property=\"og:title\" content=\"Objectiva - barreiroweb\" \/>\n<meta property=\"og:description\" content=\"Revista: Objectiva N\u00ba 5 O Associativismo no Barreiro, foi este o tema escolhido em conversa com um amigo \u00e0 mesa de uma esplanada, num s\u00e1bado de ver\u00e3o. O Barreiro, sendo como \u00e9 uma terra com fortes tradi\u00e7\u00f5es nesta \u00e1rea do associativismo, mesmo com todas as actuais adversidades n\u00e3o pode caminhar para o abismo. \u00c9 necess\u00e1rio [&hellip;]\" \/>\n<meta property=\"og:url\" content=\"https:\/\/arquivo.barreiroweb.net\/?page_id=2731\" \/>\n<meta property=\"og:site_name\" content=\"barreiroweb\" \/>\n<meta property=\"article:publisher\" content=\"https:\/\/www.facebook.com\/barreiroweb\" \/>\n<meta property=\"article:modified_time\" content=\"2013-04-14T01:02:24+00:00\" \/>\n<meta property=\"og:image\" content=\"http:\/\/barreiroweb.eu\/wp-content\/uploads\/2011\/07\/objectiva5p-212x300.jpg\" \/>\n<meta name=\"twitter:card\" content=\"summary_large_image\" \/>\n<meta name=\"twitter:site\" content=\"@barreiroweb\" \/>\n<meta name=\"twitter:label1\" content=\"Tempo estimado de leitura\" \/>\n\t<meta name=\"twitter:data1\" content=\"1 minuto\" \/>\n<script type=\"application\/ld+json\" class=\"yoast-schema-graph\">{\"@context\":\"https:\/\/schema.org\",\"@graph\":[{\"@type\":\"WebPage\",\"@id\":\"https:\/\/arquivo.barreiroweb.net\/?page_id=2731\",\"url\":\"https:\/\/arquivo.barreiroweb.net\/?page_id=2731\",\"name\":\"Objectiva - barreiroweb\",\"isPartOf\":{\"@id\":\"https:\/\/arquivo.barreiroweb.net\/#website\"},\"primaryImageOfPage\":{\"@id\":\"https:\/\/arquivo.barreiroweb.net\/?page_id=2731#primaryimage\"},\"image\":{\"@id\":\"https:\/\/arquivo.barreiroweb.net\/?page_id=2731#primaryimage\"},\"thumbnailUrl\":\"http:\/\/barreiroweb.eu\/wp-content\/uploads\/2011\/07\/objectiva5p-212x300.jpg\",\"datePublished\":\"2011-07-03T17:51:55+00:00\",\"dateModified\":\"2013-04-14T01:02:24+00:00\",\"breadcrumb\":{\"@id\":\"https:\/\/arquivo.barreiroweb.net\/?page_id=2731#breadcrumb\"},\"inLanguage\":\"pt-PT\",\"potentialAction\":[{\"@type\":\"ReadAction\",\"target\":[\"https:\/\/arquivo.barreiroweb.net\/?page_id=2731\"]}]},{\"@type\":\"ImageObject\",\"inLanguage\":\"pt-PT\",\"@id\":\"https:\/\/arquivo.barreiroweb.net\/?page_id=2731#primaryimage\",\"url\":\"http:\/\/barreiroweb.eu\/wp-content\/uploads\/2011\/07\/objectiva5p-212x300.jpg\",\"contentUrl\":\"http:\/\/barreiroweb.eu\/wp-content\/uploads\/2011\/07\/objectiva5p-212x300.jpg\"},{\"@type\":\"BreadcrumbList\",\"@id\":\"https:\/\/arquivo.barreiroweb.net\/?page_id=2731#breadcrumb\",\"itemListElement\":[{\"@type\":\"ListItem\",\"position\":1,\"name\":\"In\u00edcio\",\"item\":\"https:\/\/arquivo.barreiroweb.net\/\"},{\"@type\":\"ListItem\",\"position\":2,\"name\":\"Objectiva\"}]},{\"@type\":\"WebSite\",\"@id\":\"https:\/\/arquivo.barreiroweb.net\/#website\",\"url\":\"https:\/\/arquivo.barreiroweb.net\/\",\"name\":\"barreiroweb\",\"description\":\"Barreiroweb o barreiro na web\",\"publisher\":{\"@id\":\"https:\/\/arquivo.barreiroweb.net\/#organization\"},\"potentialAction\":[{\"@type\":\"SearchAction\",\"target\":{\"@type\":\"EntryPoint\",\"urlTemplate\":\"https:\/\/arquivo.barreiroweb.net\/?s={search_term_string}\"},\"query-input\":{\"@type\":\"PropertyValueSpecification\",\"valueRequired\":true,\"valueName\":\"search_term_string\"}}],\"inLanguage\":\"pt-PT\"},{\"@type\":\"Organization\",\"@id\":\"https:\/\/arquivo.barreiroweb.net\/#organization\",\"name\":\"barreiroweb\",\"url\":\"https:\/\/arquivo.barreiroweb.net\/\",\"logo\":{\"@type\":\"ImageObject\",\"inLanguage\":\"pt-PT\",\"@id\":\"https:\/\/arquivo.barreiroweb.net\/#\/schema\/logo\/image\/\",\"url\":\"https:\/\/barreiroweb.net\/wp-content\/uploads\/2022\/05\/BarreiroWeb555.jpg\",\"contentUrl\":\"https:\/\/barreiroweb.net\/wp-content\/uploads\/2022\/05\/BarreiroWeb555.jpg\",\"width\":421,\"height\":415,\"caption\":\"barreiroweb\"},\"image\":{\"@id\":\"https:\/\/arquivo.barreiroweb.net\/#\/schema\/logo\/image\/\"},\"sameAs\":[\"https:\/\/www.facebook.com\/barreiroweb\",\"https:\/\/x.com\/barreiroweb\"]}]}<\/script>\n<!-- \/ Yoast SEO plugin. -->","yoast_head_json":{"title":"Objectiva - barreiroweb","robots":{"index":"index","follow":"follow","max-snippet":"max-snippet:-1","max-image-preview":"max-image-preview:large","max-video-preview":"max-video-preview:-1"},"canonical":"https:\/\/arquivo.barreiroweb.net\/?page_id=2731","og_locale":"pt_PT","og_type":"article","og_title":"Objectiva - barreiroweb","og_description":"Revista: Objectiva N\u00ba 5 O Associativismo no Barreiro, foi este o tema escolhido em conversa com um amigo \u00e0 mesa de uma esplanada, num s\u00e1bado de ver\u00e3o. O Barreiro, sendo como \u00e9 uma terra com fortes tradi\u00e7\u00f5es nesta \u00e1rea do associativismo, mesmo com todas as actuais adversidades n\u00e3o pode caminhar para o abismo. \u00c9 necess\u00e1rio [&hellip;]","og_url":"https:\/\/arquivo.barreiroweb.net\/?page_id=2731","og_site_name":"barreiroweb","article_publisher":"https:\/\/www.facebook.com\/barreiroweb","article_modified_time":"2013-04-14T01:02:24+00:00","og_image":[{"url":"http:\/\/barreiroweb.eu\/wp-content\/uploads\/2011\/07\/objectiva5p-212x300.jpg","type":"","width":"","height":""}],"twitter_card":"summary_large_image","twitter_site":"@barreiroweb","twitter_misc":{"Tempo estimado de leitura":"1 minuto"},"schema":{"@context":"https:\/\/schema.org","@graph":[{"@type":"WebPage","@id":"https:\/\/arquivo.barreiroweb.net\/?page_id=2731","url":"https:\/\/arquivo.barreiroweb.net\/?page_id=2731","name":"Objectiva - barreiroweb","isPartOf":{"@id":"https:\/\/arquivo.barreiroweb.net\/#website"},"primaryImageOfPage":{"@id":"https:\/\/arquivo.barreiroweb.net\/?page_id=2731#primaryimage"},"image":{"@id":"https:\/\/arquivo.barreiroweb.net\/?page_id=2731#primaryimage"},"thumbnailUrl":"http:\/\/barreiroweb.eu\/wp-content\/uploads\/2011\/07\/objectiva5p-212x300.jpg","datePublished":"2011-07-03T17:51:55+00:00","dateModified":"2013-04-14T01:02:24+00:00","breadcrumb":{"@id":"https:\/\/arquivo.barreiroweb.net\/?page_id=2731#breadcrumb"},"inLanguage":"pt-PT","potentialAction":[{"@type":"ReadAction","target":["https:\/\/arquivo.barreiroweb.net\/?page_id=2731"]}]},{"@type":"ImageObject","inLanguage":"pt-PT","@id":"https:\/\/arquivo.barreiroweb.net\/?page_id=2731#primaryimage","url":"http:\/\/barreiroweb.eu\/wp-content\/uploads\/2011\/07\/objectiva5p-212x300.jpg","contentUrl":"http:\/\/barreiroweb.eu\/wp-content\/uploads\/2011\/07\/objectiva5p-212x300.jpg"},{"@type":"BreadcrumbList","@id":"https:\/\/arquivo.barreiroweb.net\/?page_id=2731#breadcrumb","itemListElement":[{"@type":"ListItem","position":1,"name":"In\u00edcio","item":"https:\/\/arquivo.barreiroweb.net\/"},{"@type":"ListItem","position":2,"name":"Objectiva"}]},{"@type":"WebSite","@id":"https:\/\/arquivo.barreiroweb.net\/#website","url":"https:\/\/arquivo.barreiroweb.net\/","name":"barreiroweb","description":"Barreiroweb o barreiro na web","publisher":{"@id":"https:\/\/arquivo.barreiroweb.net\/#organization"},"potentialAction":[{"@type":"SearchAction","target":{"@type":"EntryPoint","urlTemplate":"https:\/\/arquivo.barreiroweb.net\/?s={search_term_string}"},"query-input":{"@type":"PropertyValueSpecification","valueRequired":true,"valueName":"search_term_string"}}],"inLanguage":"pt-PT"},{"@type":"Organization","@id":"https:\/\/arquivo.barreiroweb.net\/#organization","name":"barreiroweb","url":"https:\/\/arquivo.barreiroweb.net\/","logo":{"@type":"ImageObject","inLanguage":"pt-PT","@id":"https:\/\/arquivo.barreiroweb.net\/#\/schema\/logo\/image\/","url":"https:\/\/barreiroweb.net\/wp-content\/uploads\/2022\/05\/BarreiroWeb555.jpg","contentUrl":"https:\/\/barreiroweb.net\/wp-content\/uploads\/2022\/05\/BarreiroWeb555.jpg","width":421,"height":415,"caption":"barreiroweb"},"image":{"@id":"https:\/\/arquivo.barreiroweb.net\/#\/schema\/logo\/image\/"},"sameAs":["https:\/\/www.facebook.com\/barreiroweb","https:\/\/x.com\/barreiroweb"]}]}},"_links":{"self":[{"href":"https:\/\/arquivo.barreiroweb.net\/index.php?rest_route=\/wp\/v2\/pages\/2731","targetHints":{"allow":["GET"]}}],"collection":[{"href":"https:\/\/arquivo.barreiroweb.net\/index.php?rest_route=\/wp\/v2\/pages"}],"about":[{"href":"https:\/\/arquivo.barreiroweb.net\/index.php?rest_route=\/wp\/v2\/types\/page"}],"author":[{"embeddable":true,"href":"https:\/\/arquivo.barreiroweb.net\/index.php?rest_route=\/wp\/v2\/users\/1"}],"replies":[{"embeddable":true,"href":"https:\/\/arquivo.barreiroweb.net\/index.php?rest_route=%2Fwp%2Fv2%2Fcomments&post=2731"}],"version-history":[{"count":12,"href":"https:\/\/arquivo.barreiroweb.net\/index.php?rest_route=\/wp\/v2\/pages\/2731\/revisions"}],"predecessor-version":[{"id":2733,"href":"https:\/\/arquivo.barreiroweb.net\/index.php?rest_route=\/wp\/v2\/pages\/2731\/revisions\/2733"}],"wp:attachment":[{"href":"https:\/\/arquivo.barreiroweb.net\/index.php?rest_route=%2Fwp%2Fv2%2Fmedia&parent=2731"}],"curies":[{"name":"wp","href":"https:\/\/api.w.org\/{rel}","templated":true}]}}